{"id":1440,"date":"2020-02-03T12:29:30","date_gmt":"2020-02-03T15:29:30","guid":{"rendered":"https:\/\/zygon.digital\/zlab\/?page_id=1440"},"modified":"2020-02-05T19:16:54","modified_gmt":"2020-02-05T22:16:54","slug":"showcase-display-desktop","status":"publish","type":"page","link":"https:\/\/zygon.digital\/zlab\/showcase-display-desktop\/","title":{"rendered":"Showcase Display Desktop"},"content":{"rendered":"<p>[et_pb_section bb_built=&#8221;1&#8243; admin_label=&#8221;section&#8221; fullwidth=&#8221;on&#8221; _builder_version=&#8221;3.0.51&#8243;][et_pb_fullwidth_slider admin_label=&#8221;Bot\u00e3o Deslizante de Largura Completa&#8221; remove_inner_shadow=&#8221;on&#8221; _builder_version=&#8221;3.0.51&#8243; header_font_size=&#8221;60&#8243; body_line_height=&#8221;1em&#8221; custom_button=&#8221;on&#8221; button_text_size=&#8221;15&#8243; show_arrows=&#8221;on&#8221; show_pagination=&#8221;on&#8221; parallax=&#8221;off&#8221; parallax_method=&#8221;off&#8221; button_letter_spacing=&#8221;0&#8243; button_icon_placement=&#8221;right&#8221; button_letter_spacing_hover=&#8221;0&#8243; auto=&#8221;off&#8221; auto_ignore_hover=&#8221;off&#8221; hide_content_on_mobile=&#8221;off&#8221; hide_cta_on_mobile=&#8221;off&#8221; show_image_video_mobile=&#8221;off&#8221;]<\/p>\n<p>[et_pb_slide heading=&#8221;DISPLAY DESKTOP&#8221; button_text=&#8221;CONHE\u00c7A NOSSOS FORMATOS&#8221; button_link=&#8221;#formatos&#8221; background_image=&#8221;https:\/\/zygon.digital\/zlab\/wp-content\/uploads\/2018\/05\/banner-criativo-desktop-1.png&#8221; use_bg_overlay=&#8221;off&#8221; use_text_overlay=&#8221;off&#8221; _builder_version=&#8221;3.0.47&#8243; header_font=&#8221;||||&#8221; header_font_size=&#8221;50&#8243; header_font_size_tablet=&#8221;50&#8243; header_font_size_phone=&#8221;50&#8243; body_font=&#8221;||||&#8221; custom_button=&#8221;on&#8221; button_text_size=&#8221;14&#8243; button_font=&#8221;||||&#8221; button_use_icon=&#8221;default&#8221; button_icon_placement=&#8221;right&#8221; button_on_hover=&#8221;on&#8221; button_text_size_tablet=&#8221;14&#8243; button_text_size_phone=&#8221;14&#8243; background_color=&#8221;#ffffff&#8221; use_background_color_gradient=&#8221;off&#8221; background_color_gradient_start=&#8221;#2b87da&#8221; background_color_gradient_end=&#8221;#29c4a9&#8243; background_color_gradient_type=&#8221;linear&#8221; background_color_gradient_direction=&#8221;180deg&#8221; background_color_gradient_direction_radial=&#8221;center&#8221; background_color_gradient_start_position=&#8221;0%&#8221; background_color_gradient_end_position=&#8221;100%&#8221; parallax=&#8221;off&#8221; parallax_method=&#8221;off&#8221; background_position=&#8221;center&#8221; background_size=&#8221;cover&#8221; background_repeat=&#8221;no-repeat&#8221; background_blend=&#8221;normal&#8221; allow_player_pause=&#8221;off&#8221; text_border_radius=&#8221;3&#8243; alignment=&#8221;center&#8221; background_layout=&#8221;dark&#8221; header_font_select=&#8221;default&#8221; body_font_select=&#8221;default&#8221; button_font_select=&#8221;default&#8221;]<\/p>\n<p>Conhe\u00e7a os principais formatos padr\u00e3o para publicidade digital desktop aprovados pela IAB.<\/p>\n<p>[\/et_pb_slide]<\/p>\n<p>[\/et_pb_fullwidth_slider][et_pb_fullwidth_code admin_label=&#8221;Fullwidth BTN&#8221; _builder_version=&#8221;3.0.51&#8243;]&lt;style&gt;&lt;!&#8211; [et_pb_line_break_holder] &#8211;&gt;.et_pb_aux{&lt;!&#8211; [et_pb_line_break_holder] &#8211;&gt;margin:10px;&lt;!&#8211; [et_pb_line_break_holder] &#8211;&gt;}&lt;!&#8211; [et_pb_line_break_holder] &#8211;&gt;.et_pb_button {&lt;!&#8211; [et_pb_line_break_holder] &#8211;&gt;padding: 5px 13px;&lt;!&#8211; [et_pb_line_break_holder] &#8211;&gt;border: 1px solid;&lt;!&#8211; [et_pb_line_break_holder] &#8211;&gt;font-size: 16px;&lt;!&#8211; [et_pb_line_break_holder] &#8211;&gt;}&lt;!&#8211; [et_pb_line_break_holder] &#8211;&gt;&lt;\/style&gt;&lt;!&#8211; [et_pb_line_break_holder] &#8211;&gt;&lt;center&gt;&lt;div class=&#8221;&#8221;&gt; &lt;!&#8211; [et_pb_line_break_holder] &#8211;&gt;&lt;a href=&#8221;https:\/\/zygon.digital\/zlab\/showcase-rich-media-desktop\/&#8221; class=&#8221;et_pb_aux et_pb_more_button et_pb_button&#8221;&gt;RICH MEDIA DESKTOP&lt;\/a&gt;&lt;!&#8211; [et_pb_line_break_holder] &#8211;&gt;&lt;a href=&#8221;https:\/\/zygon.digital\/zlab\/showcase-display-mobile\/&#8221; class=&#8221;et_pb_aux et_pb_more_button et_pb_button&#8221;&gt;DISPLAY MOBILE&lt;\/a&gt;&lt;!&#8211; [et_pb_line_break_holder] &#8211;&gt;&lt;a href=&#8221;https:\/\/zygon.digital\/zlab\/showcase-rich-media\/&#8221; class=&#8221;et_pb_aux et_pb_more_button et_pb_button&#8221;&gt;RICH MEDIA MOBILE&lt;\/a&gt;&lt;!&#8211; [et_pb_line_break_holder] &#8211;&gt;&lt;a href=&#8221;https:\/\/zygon.digital\/zlab\/showcase-display-dinamico\/&#8221; class=&#8221;et_pb_aux et_pb_more_button et_pb_button&#8221;&gt;DISPLAY DIN\u00c2MICO&lt;\/a&gt;&lt;!&#8211; [et_pb_line_break_holder] &#8211;&gt;&lt;\/div&gt;&lt;\/center&gt;[\/et_pb_fullwidth_code][\/et_pb_section][et_pb_section bb_built=&#8221;1&#8243; admin_label=&#8221;Se\u00e7\u00e3o&#8221; module_id=&#8221;formatos&#8221; _builder_version=&#8221;3.0.51&#8243;][et_pb_row admin_label=&#8221;Linha&#8221; _builder_version=&#8221;3.0.47&#8243; background_size=&#8221;initial&#8221; background_position=&#8221;top_left&#8221; background_repeat=&#8221;repeat&#8221;][et_pb_column type=&#8221;4_4&#8243;][et_pb_filterable_portfolio admin_label=&#8221;Portf\u00f3lio Filtr\u00e1vel&#8221; fullwidth=&#8221;off&#8221; _builder_version=&#8221;3.0.51&#8243; show_title=&#8221;on&#8221; show_categories=&#8221;on&#8221; show_pagination=&#8221;on&#8221; zoom_icon_color=&#8221;#27dd70&#8243; hover_overlay_color=&#8221;rgba(255,255,255,0.9)&#8221; background_layout=&#8221;light&#8221; border_style=&#8221;solid&#8221; include_categories=&#8221;38,41,40,39&#8243;]<\/p>\n<p>&nbsp;<\/p>\n<p>[\/et_pb_filterable_portfolio][\/et_pb_column][\/et_pb_row][\/et_pb_section][et_pb_section bb_built=&#8221;1&#8243; admin_label=&#8221;section&#8221; inner_shadow=&#8221;on&#8221; _builder_version=&#8221;3.0.51&#8243; background_image=&#8221;https:\/\/zygon.digital\/zlab\/wp-content\/uploads\/2018\/04\/bg-verde-ecuro.png&#8221;][et_pb_row admin_label=&#8221;row&#8221; _builder_version=&#8221;3.0.47&#8243; background_size=&#8221;initial&#8221; background_position=&#8221;top_left&#8221; background_repeat=&#8221;repeat&#8221;][et_pb_column type=&#8221;4_4&#8243;][et_pb_text admin_label=&#8221;Texto&#8221; text_orientation=&#8221;center&#8221; _builder_version=&#8221;3.0.51&#8243; text_line_height=&#8221;1.5em&#8221; background_layout=&#8221;light&#8221; border_style=&#8221;solid&#8221;]<\/p>\n<h1 style=\"text-transform: uppercase; color: #17bc86;\">utilize criativos de alto<br \/>\nimpacto na sua pr\u00f3xima campanha!<\/h1>\n<p style=\"color: #fff;\">Fale conosco e descubra como impactar seus clientes de forma segmentada e personalizada,<br \/>\nusando solu\u00e7\u00f5es criativas e guiadas por dados de audi\u00eancia.<\/p>\n<p>[\/et_pb_text][et_pb_button admin_label=&#8221;Bot\u00e3o&#8221; button_url=&#8221;https:\/\/zygon.digital\/zlab\/entre-em-contato\/&#8221; button_text=&#8221;ENTRE EM CONTATO&#8221; button_alignment=&#8221;center&#8221; background_layout=&#8221;dark&#8221; _builder_version=&#8221;3.0.51&#8243; custom_button=&#8221;on&#8221; button_text_size=&#8221;14&#8243; background_color=&#8221;#27dd70&#8243; url_new_window=&#8221;off&#8221; button_letter_spacing=&#8221;0&#8243; button_icon_placement=&#8221;right&#8221; button_letter_spacing_hover=&#8221;0&#8243;]<\/p>\n<p>&nbsp;<\/p>\n<p>[\/et_pb_button][\/et_pb_column][\/et_pb_row][\/et_pb_section]<\/p>\n","protected":false},"excerpt":{"rendered":"<p>[et_pb_section bb_built=&#8221;1&#8243; admin_label=&#8221;section&#8221; fullwidth=&#8221;on&#8221; _builder_version=&#8221;3.0.51&#8243;][et_pb_fullwidth_slider admin_label=&#8221;Bot\u00e3o Deslizante de Largura Completa&#8221; remove_inner_shadow=&#8221;on&#8221; _builder_version=&#8221;3.0.51&#8243; header_font_size=&#8221;60&#8243; body_line_height=&#8221;1em&#8221; custom_button=&#8221;on&#8221; button_text_size=&#8221;15&#8243; show_arrows=&#8221;on&#8221; show_pagination=&#8221;on&#8221; parallax=&#8221;off&#8221; parallax_method=&#8221;off&#8221; button_letter_spacing=&#8221;0&#8243; button_icon_placement=&#8221;right&#8221; button_letter_spacing_hover=&#8221;0&#8243; auto=&#8221;off&#8221; auto_ignore_hover=&#8221;off&#8221; hide_content_on_mobile=&#8221;off&#8221; hide_cta_on_mobile=&#8221;off&#8221; show_image_video_mobile=&#8221;off&#8221;] [et_pb_slide heading=&#8221;DISPLAY DESKTOP&#8221; button_text=&#8221;CONHE\u00c7A NOSSOS FORMATOS&#8221; button_link=&#8221;#formatos&#8221; background_image=&#8221;https:\/\/zygon.digital\/zlab\/wp-content\/uploads\/2018\/05\/banner-criativo-desktop-1.png&#8221; use_bg_overlay=&#8221;off&#8221; use_text_overlay=&#8221;off&#8221; _builder_version=&#8221;3.0.47&#8243; header_font=&#8221;||||&#8221; header_font_size=&#8221;50&#8243; header_font_size_tablet=&#8221;50&#8243; header_font_size_phone=&#8221;50&#8243; body_font=&#8221;||||&#8221; custom_button=&#8221;on&#8221; button_text_size=&#8221;14&#8243; button_font=&#8221;||||&#8221; button_use_icon=&#8221;default&#8221; button_icon_placement=&#8221;right&#8221; button_on_hover=&#8221;on&#8221; button_text_size_tablet=&#8221;14&#8243; button_text_size_phone=&#8221;14&#8243; background_color=&#8221;#ffffff&#8221; use_background_color_gradient=&#8221;off&#8221; background_color_gradient_start=&#8221;#2b87da&#8221; [&hellip;]<\/p>\n","protected":false},"author":1,"featured_media":0,"parent":0,"menu_order":0,"comment_status":"closed","ping_status":"closed","template":"","meta":{"_links_to":"","_links_to_target":""},"_links":{"self":[{"href":"https:\/\/zygon.digital\/zlab\/wp-json\/wp\/v2\/pages\/1440"}],"collection":[{"href":"https:\/\/zygon.digital\/zlab\/wp-json\/wp\/v2\/pages"}],"about":[{"href":"https:\/\/zygon.digital\/zlab\/wp-json\/wp\/v2\/types\/page"}],"author":[{"embeddable":true,"href":"https:\/\/zygon.digital\/zlab\/wp-json\/wp\/v2\/users\/1"}],"replies":[{"embeddable":true,"href":"https:\/\/zygon.digital\/zlab\/wp-json\/wp\/v2\/comments?post=1440"}],"version-history":[{"count":2,"href":"https:\/\/zygon.digital\/zlab\/wp-json\/wp\/v2\/pages\/1440\/revisions"}],"predecessor-version":[{"id":1446,"href":"https:\/\/zygon.digital\/zlab\/wp-json\/wp\/v2\/pages\/1440\/revisions\/1446"}],"wp:attachment":[{"href":"https:\/\/zygon.digital\/zlab\/wp-json\/wp\/v2\/media?parent=1440"}],"curies":[{"name":"wp","href":"https:\/\/api.w.org\/{rel}","templated":true}]}}