{"id":198,"date":"2018-05-03T14:40:10","date_gmt":"2018-05-03T17:40:10","guid":{"rendered":"https:\/\/zygon.digital\/zlab\/?page_id=198"},"modified":"2018-06-26T10:01:41","modified_gmt":"2018-06-26T13:01:41","slug":"solucoes","status":"publish","type":"page","link":"https:\/\/zygon.digital\/zlab\/solucoes\/","title":{"rendered":"Solu\u00e7\u00f5es"},"content":{"rendered":"<p>[et_pb_section fb_built=&#8221;1&#8243; fullwidth=&#8221;on&#8221; admin_label=&#8221;section&#8221; _builder_version=&#8221;3.0.47&#8243;][et_pb_fullwidth_slider remove_inner_shadow=&#8221;on&#8221; admin_label=&#8221;Bot\u00e3o Deslizante de Largura Completa&#8221; _builder_version=&#8221;3.0.51&#8243; header_font_size=&#8221;60&#8243; body_line_height=&#8221;1em&#8221; custom_button=&#8221;on&#8221; button_text_size=&#8221;15&#8243;][et_pb_slide heading=&#8221;CONHE\u00c7A NOSSAS SOLU\u00c7\u00d5ES&#8221; button_text=&#8221;SAIBA MAIS&#8221; button_link=&#8221;#video&#8221; background_image=&#8221;https:\/\/zygon.digital\/zlab\/wp-content\/uploads\/2018\/05\/banner-agency-solutions.png&#8221; use_bg_overlay=&#8221;off&#8221; use_text_overlay=&#8221;off&#8221; _builder_version=&#8221;3.0.47&#8243; header_font=&#8221;||||&#8221; header_font_size=&#8221;50&#8243; header_font_size_tablet=&#8221;50&#8243; header_font_size_phone=&#8221;50&#8243; body_font=&#8221;||||&#8221; custom_button=&#8221;on&#8221; button_text_size=&#8221;14&#8243; button_font=&#8221;||||&#8221; button_use_icon=&#8221;default&#8221; button_icon_placement=&#8221;right&#8221; button_on_hover=&#8221;on&#8221; button_text_size_tablet=&#8221;14&#8243; button_text_size_phone=&#8221;14&#8243;]<\/p>\n<p>O Zlab apresenta solu&ccedil;&otilde;es para todos os tipos de clientes: anunciantes, ag&ecirc;ncias e publishers.<\/p>\n<p>[\/et_pb_slide][\/et_pb_fullwidth_slider][\/et_pb_section][et_pb_section fb_built=&#8221;1&#8243; admin_label=&#8221;section&#8221; module_id=&#8221;video&#8221; _builder_version=&#8221;3.0.51&#8243; use_background_color_gradient=&#8221;on&#8221; background_color_gradient_start=&#8221;#eaeaea&#8221; background_color_gradient_end=&#8221;#ededed&#8221; background_image=&#8221;https:\/\/zygon.digital\/zlab\/wp-content\/uploads\/2018\/05\/bg-video.png&#8221;][et_pb_row admin_label=&#8221;Linha&#8221; _builder_version=&#8221;3.0.47&#8243; background_size=&#8221;initial&#8221; background_position=&#8221;top_left&#8221; background_repeat=&#8221;repeat&#8221;][et_pb_column type=&#8221;4_4&#8243; _builder_version=&#8221;3.0.47&#8243; parallax=&#8221;off&#8221; parallax_method=&#8221;on&#8221;][et_pb_video_slider show_image_overlay=&#8221;show&#8221; controls_color=&#8221;light&#8221; play_icon_color=&#8221;#007a96&#8243; admin_label=&#8221;Bot\u00e3o Deslizante de V\u00eddeo&#8221; _builder_version=&#8221;3.0.51&#8243;][et_pb_video_slider_item src=&#8221;https:\/\/zygon.digital\/zlab\/wp-content\/uploads\/2018\/05\/Vi\u0301deo-Institucional-Zcreen-Todos-os-dados-das-suas-campanhas-em-uma-so\u0301-tela.mp4&#8243; image_src=&#8221;https:\/\/zygon.digital\/zlab\/wp-content\/uploads\/2018\/05\/sobreposicao-video-2.png&#8221; _builder_version=&#8221;3.0.47&#8243; show_image_overlay=&#8221;show&#8221;][\/et_pb_video_slider_item][\/et_pb_video_slider][et_pb_text background_layout=&#8221;dark&#8221; text_orientation=&#8221;center&#8221; admin_label=&#8221;Texto&#8221; _builder_version=&#8221;3.0.51&#8243; text_font_size=&#8221;17&#8243; text_text_color=&#8221;#001f3f&#8221; text_line_height=&#8221;1em&#8221; header_font_size=&#8221;45px&#8221; header_text_color=&#8221;#001c3d&#8221;]<\/p>\n<h1 style=\"text-transform: uppercase;\">visite nosso showcase<\/h1>\n<p>Conhe\u00e7a nossas solu\u00e7\u00f5es de criativos personalizados, de alto impacto e engajamento.<\/p>\n<p>[\/et_pb_text][et_pb_button button_url=&#8221;https:\/\/zygon.digital\/zlab\/showcase-rich-media\/&#8221; button_text=&#8221;VEJA NOSSO SHOWCASE&#8221; button_alignment=&#8221;center&#8221; admin_label=&#8221;Bot\u00e3o&#8221; _builder_version=&#8221;3.0.51&#8243; custom_button=&#8221;on&#8221; button_text_size=&#8221;16&#8243; button_text_color=&#8221;#00143a&#8221; button_border_color=&#8221;#000c3a&#8221; background_color=&#8221;#27dd70&#8243;][\/et_pb_button][\/et_pb_column][\/et_pb_row][\/et_pb_section][et_pb_section fb_built=&#8221;1&#8243; background_color=&#8221;#f3f3f3&#8243; inner_shadow=&#8221;on&#8221; admin_label=&#8221;section&#8221; _builder_version=&#8221;3.0.51&#8243; use_background_color_gradient=&#8221;on&#8221; background_color_gradient_start=&#8221;#fcfcfc&#8221; background_color_gradient_end=&#8221;#ffffff&#8221; background_image=&#8221;https:\/\/zygon.digital\/zlab\/wp-content\/uploads\/2018\/05\/bg-rich-media.png&#8221;][et_pb_row admin_label=&#8221;Linha&#8221; _builder_version=&#8221;3.0.47&#8243; background_size=&#8221;initial&#8221; background_position=&#8221;top_left&#8221; background_repeat=&#8221;repeat&#8221;][et_pb_column type=&#8221;1_2&#8243; _builder_version=&#8221;3.0.47&#8243; parallax=&#8221;off&#8221; parallax_method=&#8221;on&#8221;][et_pb_text admin_label=&#8221;Texto&#8221; _builder_version=&#8221;3.0.51&#8243; custom_margin=&#8221;80px|||&#8221;]<\/p>\n<h1 style=\"text-transform: uppercase; color: #17bc86; font-size: 44px;\">rich media<br \/>adverstising<\/h1>\n<p><strong>Rich Media<\/strong> &eacute; um tipo de formato em publicidade digital que inclui v&iacute;deos, &aacute;udios, jogos, dentre outros recursos que incentivam a intera&ccedil;&atilde;o dos usu&aacute;rios. Enquanto an&uacute;ncios de texto s&atilde;o vendidos com palavras e os gr&aacute;ficos s&atilde;o vendidos com imagens, ele oferece mais formas de <strong>envolvimento e engajamento<\/strong> com os consumidores.<\/p>\n<p>Os Rich Media podem ser utilizados em v&aacute;rios objetivos de campanha, como <strong>reconhecimento de marca (Brand Awareness)<\/strong> ou na gera&ccedil;&atilde;o de cliques e tr&aacute;fego em sites. Os maiores benef&iacute;cios desse formato s&atilde;o o de possibilitar que <strong>ag&ecirc;ncias e anunciantes<\/strong> criem an&uacute;ncios para gerar mais engajamento com seus p&uacute;blicos, al&eacute;m de qualificar e rentabilizar os invent&aacute;rios premium de <strong>publishers<\/strong> (sites, portais, blogs e apps).&nbsp;<\/p>\n<p><\/p>\n<p>[\/et_pb_text][et_pb_button button_url=&#8221;https:\/\/zygon.digital\/zlab\/showcase-rich-media\/&#8221; button_text=&#8221;VEJA NOSSO SHOWCASE&#8221; button_alignment=&#8221;left&#8221; admin_label=&#8221;Bot\u00e3o&#8221; _builder_version=&#8221;3.0.51&#8243; custom_button=&#8221;on&#8221; button_text_size=&#8221;14&#8243; button_text_color=&#8221;#757575&#8243; button_border_color=&#8221;#21c68a&#8221; background_color=&#8221;#27dd70&#8243;][\/et_pb_button][\/et_pb_column][et_pb_column type=&#8221;1_2&#8243; _builder_version=&#8221;3.0.47&#8243; parallax=&#8221;off&#8221; parallax_method=&#8221;on&#8221;][et_pb_image src=&#8221;https:\/\/zygon.digital\/zlab\/wp-content\/uploads\/2018\/05\/screens-rich-media.png&#8221; force_fullwidth=&#8221;on&#8221; admin_label=&#8221;Imagem&#8221; _builder_version=&#8221;3.0.51&#8243; custom_css_main_element=&#8221; max-width: 700px;||&#8221;][\/et_pb_image][\/et_pb_column][\/et_pb_row][\/et_pb_section][et_pb_section fb_built=&#8221;1&#8243; background_color=&#8221;#f3f3f3&#8243; inner_shadow=&#8221;on&#8221; admin_label=&#8221;section&#8221; _builder_version=&#8221;3.0.51&#8243; use_background_color_gradient=&#8221;on&#8221; background_color_gradient_start=&#8221;#ffffff&#8221; background_color_gradient_end=&#8221;#ffffff&#8221; background_image=&#8221;https:\/\/zygon.digital\/zlab\/wp-content\/uploads\/2018\/05\/bg-video.png&#8221;][et_pb_row admin_label=&#8221;Linha&#8221; _builder_version=&#8221;3.0.47&#8243; background_size=&#8221;initial&#8221; background_position=&#8221;top_left&#8221; background_repeat=&#8221;repeat&#8221;][et_pb_column type=&#8221;4_4&#8243; _builder_version=&#8221;3.0.47&#8243; parallax=&#8221;off&#8221; parallax_method=&#8221;on&#8221;][et_pb_text text_orientation=&#8221;center&#8221; admin_label=&#8221;Texto&#8221; _builder_version=&#8221;3.0.51&#8243; text_line_height=&#8221;1.5em&#8221;]<\/p>\n<h1 style=\"text-transform: uppercase; color: #17bc86;\">showcase de mobile e desktop\u00a0<\/h1>\n<p>[\/et_pb_text][et_pb_tabs active_tab_background_color=&#8221;#c4c4c4&#8243; inactive_tab_background_color=&#8221;#ffffff&#8221; admin_label=&#8221;Abas&#8221; _builder_version=&#8221;3.0.51&#8243; tab_text_color=&#8221;#777777&#8243;][et_pb_tab title=&#8221;DESKTOP&#8221; _builder_version=&#8221;3.0.47&#8243; tab_font=&#8221;||||&#8221; tab_line_height=&#8221;2em&#8221; tab_line_height_tablet=&#8221;2em&#8221; tab_line_height_phone=&#8221;2em&#8221; body_font=&#8221;||||&#8221; body_line_height=&#8221;2em&#8221; body_line_height_tablet=&#8221;2em&#8221; body_line_height_phone=&#8221;2em&#8221; background_size=&#8221;initial&#8221; background_position=&#8221;top_left&#8221; background_repeat=&#8221;repeat&#8221;]<\/p>\n<p><\/p>\n<p><img loading=\"lazy\" class=\"alignnone wp-image-234 \" style=\"float: left;\" src=\"https:\/\/zygon.digital\/zlab\/wp-content\/uploads\/2018\/05\/macbook-300x162.png\" alt=\"\" width=\"530\" height=\"286\" srcset=\"https:\/\/zygon.digital\/zlab\/wp-content\/uploads\/2018\/05\/macbook-300x162.png 300w, https:\/\/zygon.digital\/zlab\/wp-content\/uploads\/2018\/05\/macbook.png 625w\" sizes=\"(max-width: 530px) 100vw, 530px\" \/><\/p>\n<p><\/p>\n<h1 style=\"text-transform: uppercase; color: #17bc86; text-align: right;\">Showcase desktop<\/h1>\n<p style=\"text-align: right;\"><span style=\"font-size: 14px; background-color: #ffffff;\">Veja a simula\u00e7\u00e3o dos formatos padr\u00e3o de publicidade digital para desktop do\u00a0<\/span><strong style=\"background-color: #ffffff; font-size: 14px;\">Interactive Advertising Bureau (IAB),\u00a0<\/strong><span style=\"font-size: 14px; background-color: #ffffff;\">suas especifica\u00e7\u00f5es t\u00e9cnicas\u00a0<\/span><br \/><span style=\"font-size: 14px; background-color: #ffffff;\">e<\/span><span style=\"font-size: 14px; background-color: #ffffff;\">\u00a0objetivos de campanha no qual t\u00eam melhor engajamento.<\/span><\/p>\n<p style=\"text-align: right;\"><a class=\"et_pb_button et_pb_module et_pb_button_5 et_pb_bg_layout_light\" style=\"background-color: #17bc86; border-color: #17bc86; font-size: 14px; color: #fff;\" href=\"https:\/\/zygon.digital\/zlab\/showcase-desktop\/\">ACESSE NOSSO SHOWCASE<\/a><\/p>\n<p>[\/et_pb_tab][et_pb_tab title=&#8221;MOBILE&#8221; _builder_version=&#8221;3.0.47&#8243; tab_font=&#8221;||||&#8221; tab_line_height=&#8221;2em&#8221; tab_line_height_tablet=&#8221;2em&#8221; tab_line_height_phone=&#8221;2em&#8221; body_font=&#8221;||||&#8221; body_line_height=&#8221;2em&#8221; body_line_height_tablet=&#8221;2em&#8221; body_line_height_phone=&#8221;2em&#8221; background_size=&#8221;initial&#8221; background_position=&#8221;top_left&#8221; background_repeat=&#8221;repeat&#8221;]<\/p>\n<p><\/p>\n<p><img loading=\"lazy\" class=\"alignnone wp-image-261 \" style=\"float: left;\" src=\"https:\/\/zygon.digital\/zlab\/wp-content\/uploads\/2018\/05\/iphone-x-300x268.png\" alt=\"\" width=\"363\" height=\"324\" srcset=\"https:\/\/zygon.digital\/zlab\/wp-content\/uploads\/2018\/05\/iphone-x-300x268.png 300w, https:\/\/zygon.digital\/zlab\/wp-content\/uploads\/2018\/05\/iphone-x.png 426w\" sizes=\"(max-width: 363px) 100vw, 363px\" \/><\/p>\n<p><\/p>\n<h1 style=\"text-transform: uppercase; color: #17bc86; text-align: right;\">showcase MOBILE<\/h1>\n<p style=\"text-align: right;\">Veja a simula\u00e7\u00e3o dos formatos padr\u00e3o de publicidade digital para mobile do<br \/><strong>Interactive Advertising Bureau (IAB),\u00a0<\/strong>suas especifica\u00e7\u00f5es t\u00e9cnicas <br \/>e\u00a0objetivos de campanha no qual t\u00eam melhor engajamento.<\/p>\n<p style=\"text-align: right;\" class=\"et-fb-mce-line-break-holder\">\n<div class=\"et_pb_button_module_wrapper et_pb_module et_pb_button_alignment_\" style=\"text-align: right;\"><a class=\"et_pb_button et_pb_module et_pb_button_5 et_pb_bg_layout_light\" style=\"background-color: #17bc86; border-color: #17bc86; font-size: 14px; color: #fff;\" href=\"https:\/\/zygon.digital\/zlab\/showcase-mobile\/\">ACESSE NOSSO SHOWCASE<\/a><\/div>\n<div class=\"et_pb_button_module_wrapper et_pb_module et_pb_button_alignment_\" style=\"text-align: right;\"><\/div>\n<p>[\/et_pb_tab][\/et_pb_tabs][\/et_pb_column][\/et_pb_row][\/et_pb_section][et_pb_section fb_built=&#8221;1&#8243; admin_label=&#8221;section&#8221; _builder_version=&#8221;3.0.51&#8243; background_image=&#8221;https:\/\/zygon.digital\/zlab\/wp-content\/uploads\/2018\/05\/bg-audience.png&#8221;][et_pb_row admin_label=&#8221;row&#8221; _builder_version=&#8221;3.0.47&#8243; background_size=&#8221;initial&#8221; background_position=&#8221;top_left&#8221; background_repeat=&#8221;repeat&#8221;][et_pb_column type=&#8221;4_4&#8243; _builder_version=&#8221;3.0.47&#8243; parallax=&#8221;off&#8221; parallax_method=&#8221;on&#8221;][et_pb_text background_layout=&#8221;dark&#8221; admin_label=&#8221;Text&#8221; _builder_version=&#8221;3.0.51&#8243; background_size=&#8221;initial&#8221; background_position=&#8221;top_left&#8221; background_repeat=&#8221;repeat&#8221;]<\/p>\n<h1 style=\"text-transform: uppercase; font-size: 44px;\">Dados + criativos =<\/h1>\n<h1 style=\"text-transform: uppercase; font-size: 44px;\">aud&ecirc;ncia segmentada<\/h1>\n<p><\/p>\n<p>O ZLAB segmenta suas campanhas por meio de <strong>dados de audi&ecirc;ncia<\/strong>. Extra&iacute;dos de diversas fontes, <br \/>como mobile e desktops, eles&nbsp;apresentam informa&ccedil;&otilde;es demogr&aacute;ficas, localiza&ccedil;&atilde;o geogr&aacute;fica,&nbsp;<br \/>comportamento de consumo e navega&ccedil;&atilde;o na web, dentre outros aspectos dos usu&aacute;rios.<\/p>\n<p>Assim, &eacute; poss&iacute;vel criar segmenta&ccedil;&otilde;es baseadas no perfil dos clientes dos <strong>anunciantes&nbsp;<\/strong>e da<br \/> audi&ecirc;ncia que navega em sites, blogs e apps dos <strong>publishers<\/strong>. Com isso, produzimos criativos <br \/>de alto engajamento, direcionados para p&uacute;blicos de campanhas criadas por nossas <strong>ag&ecirc;ncias parceiras<\/strong>, <br \/>entregando a mensagem certa,&nbsp;no dispositivo e momentos corretos.<\/p>\n<p>[\/et_pb_text][et_pb_button button_url=&#8221;https:\/\/zygon.digital\/zlab\/entre-em-contato\/&#8221; button_text=&#8221;ENTRE EM CONTATO&#8221; button_alignment=&#8221;left&#8221; background_layout=&#8221;dark&#8221; admin_label=&#8221;Bot\u00e3o&#8221; _builder_version=&#8221;3.0.51&#8243; custom_button=&#8221;on&#8221; button_text_size=&#8221;14&#8243; background_color=&#8221;#27dd70&#8243;][\/et_pb_button][\/et_pb_column][\/et_pb_row][\/et_pb_section][et_pb_section fb_built=&#8221;1&#8243; admin_label=&#8221;section&#8221; _builder_version=&#8221;3.0.51&#8243; background_image=&#8221;https:\/\/zygon.digital\/zlab\/wp-content\/uploads\/2018\/05\/bg-video.png&#8221;][et_pb_row admin_label=&#8221;row&#8221; _builder_version=&#8221;3.0.47&#8243; background_size=&#8221;initial&#8221; background_position=&#8221;top_left&#8221; background_repeat=&#8221;repeat&#8221;][et_pb_column type=&#8221;4_4&#8243; _builder_version=&#8221;3.0.47&#8243; parallax=&#8221;off&#8221; parallax_method=&#8221;on&#8221;][et_pb_text text_orientation=&#8221;center&#8221; admin_label=&#8221;Texto&#8221; _builder_version=&#8221;3.0.51&#8243; text_line_height=&#8221;1.5em&#8221;]<\/p>\n<h1 style=\"text-transform: uppercase; color: #17bc86;\">conhe\u00e7a nossos clientes<\/h1>\n<p>[\/et_pb_text][\/et_pb_column][\/et_pb_row][et_pb_row admin_label=&#8221;Linha&#8221; _builder_version=&#8221;3.0.47&#8243; background_size=&#8221;initial&#8221; background_position=&#8221;top_left&#8221; background_repeat=&#8221;repeat&#8221;][et_pb_column type=&#8221;1_4&#8243; _builder_version=&#8221;3.0.47&#8243; parallax=&#8221;off&#8221; parallax_method=&#8221;on&#8221;][et_pb_image src=&#8221;https:\/\/zygon.digital\/zlab\/wp-content\/uploads\/2018\/04\/logo-sebrae.png&#8221; admin_label=&#8221;Imagem&#8221; _builder_version=&#8221;3.0.51&#8243;][\/et_pb_image][\/et_pb_column][et_pb_column type=&#8221;1_4&#8243; _builder_version=&#8221;3.0.47&#8243; parallax=&#8221;off&#8221; parallax_method=&#8221;on&#8221;][et_pb_image src=&#8221;https:\/\/zygon.digital\/zlab\/wp-content\/uploads\/2018\/04\/logo-salvador-shopping.png&#8221; admin_label=&#8221;Imagem&#8221; _builder_version=&#8221;3.0.51&#8243;][\/et_pb_image][\/et_pb_column][et_pb_column type=&#8221;1_4&#8243; _builder_version=&#8221;3.0.47&#8243; parallax=&#8221;off&#8221; parallax_method=&#8221;on&#8221;][et_pb_image src=&#8221;https:\/\/zygon.digital\/zlab\/wp-content\/uploads\/2018\/04\/logo-boticario.png&#8221; admin_label=&#8221;Imagem&#8221; _builder_version=&#8221;3.0.51&#8243;][\/et_pb_image][\/et_pb_column][et_pb_column type=&#8221;1_4&#8243; _builder_version=&#8221;3.0.47&#8243; parallax=&#8221;off&#8221; parallax_method=&#8221;on&#8221;][et_pb_image src=&#8221;https:\/\/zygon.digital\/zlab\/wp-content\/uploads\/2018\/04\/governo-da-bahia.png&#8221; admin_label=&#8221;Imagem&#8221; _builder_version=&#8221;3.0.51&#8243;][\/et_pb_image][\/et_pb_column][\/et_pb_row][\/et_pb_section][et_pb_section fb_built=&#8221;1&#8243; inner_shadow=&#8221;on&#8221; admin_label=&#8221;section&#8221; _builder_version=&#8221;3.0.51&#8243; background_image=&#8221;https:\/\/zygon.digital\/zlab\/wp-content\/uploads\/2018\/04\/bg-verde-ecuro.png&#8221;][et_pb_row admin_label=&#8221;row&#8221; _builder_version=&#8221;3.0.47&#8243; background_size=&#8221;initial&#8221; background_position=&#8221;top_left&#8221; background_repeat=&#8221;repeat&#8221;][et_pb_column type=&#8221;4_4&#8243; _builder_version=&#8221;3.0.47&#8243; parallax=&#8221;off&#8221; parallax_method=&#8221;on&#8221;][et_pb_text text_orientation=&#8221;center&#8221; admin_label=&#8221;Texto&#8221; _builder_version=&#8221;3.0.51&#8243; text_line_height=&#8221;1.5em&#8221;]<\/p>\n<h1 style=\"text-transform: uppercase; color: #17bc86;\">utilize criativos de alto<br \/>impacto na sua pr\u00f3xima campanha!<\/h1>\n<p style=\"color: #fff;\">Fale conosco e descubra como impactar seus clientes de forma segmentada e personalizada,<br \/> usando solu\u00e7\u00f5es criativas e guiadas por dados de audi\u00eancia.<\/p>\n<p>[\/et_pb_text][et_pb_button button_url=&#8221;https:\/\/zygon.digital\/zlab\/entre-em-contato\/&#8221; button_text=&#8221;ENTRE EM CONTATO&#8221; button_alignment=&#8221;center&#8221; background_layout=&#8221;dark&#8221; admin_label=&#8221;Bot\u00e3o&#8221; _builder_version=&#8221;3.0.51&#8243; custom_button=&#8221;on&#8221; button_text_size=&#8221;14&#8243; background_color=&#8221;#27dd70&#8243;][\/et_pb_button][\/et_pb_column][\/et_pb_row][\/et_pb_section]<\/p>\n","protected":false},"excerpt":{"rendered":"<p>[et_pb_section fb_built=&#8221;1&#8243; fullwidth=&#8221;on&#8221; admin_label=&#8221;section&#8221; _builder_version=&#8221;3.0.47&#8243;][et_pb_fullwidth_slider remove_inner_shadow=&#8221;on&#8221; admin_label=&#8221;Bot\u00e3o Deslizante de Largura Completa&#8221; _builder_version=&#8221;3.0.51&#8243; header_font_size=&#8221;60&#8243; body_line_height=&#8221;1em&#8221; custom_button=&#8221;on&#8221; button_text_size=&#8221;15&#8243;][et_pb_slide heading=&#8221;CONHE\u00c7A NOSSAS SOLU\u00c7\u00d5ES&#8221; button_text=&#8221;SAIBA MAIS&#8221; button_link=&#8221;#video&#8221; background_image=&#8221;https:\/\/zygon.digital\/zlab\/wp-content\/uploads\/2018\/05\/banner-agency-solutions.png&#8221; use_bg_overlay=&#8221;off&#8221; use_text_overlay=&#8221;off&#8221; _builder_version=&#8221;3.0.47&#8243; header_font=&#8221;||||&#8221; header_font_size=&#8221;50&#8243; header_font_size_tablet=&#8221;50&#8243; header_font_size_phone=&#8221;50&#8243; body_font=&#8221;||||&#8221; custom_button=&#8221;on&#8221; button_text_size=&#8221;14&#8243; button_font=&#8221;||||&#8221; button_use_icon=&#8221;default&#8221; button_icon_placement=&#8221;right&#8221; button_on_hover=&#8221;on&#8221; button_text_size_tablet=&#8221;14&#8243; button_text_size_phone=&#8221;14&#8243;] O Zlab apresenta solu&ccedil;&otilde;es para todos os tipos de clientes: anunciantes, ag&ecirc;ncias e publishers. [\/et_pb_slide][\/et_pb_fullwidth_slider][\/et_pb_section][et_pb_section fb_built=&#8221;1&#8243; [&hellip;]<\/p>\n","protected":false},"author":1,"featured_media":0,"parent":0,"menu_order":0,"comment_status":"closed","ping_status":"open","template":"","meta":{"_links_to":"","_links_to_target":""},"_links":{"self":[{"href":"https:\/\/zygon.digital\/zlab\/wp-json\/wp\/v2\/pages\/198"}],"collection":[{"href":"https:\/\/zygon.digital\/zlab\/wp-json\/wp\/v2\/pages"}],"about":[{"href":"https:\/\/zygon.digital\/zlab\/wp-json\/wp\/v2\/types\/page"}],"author":[{"embeddable":true,"href":"https:\/\/zygon.digital\/zlab\/wp-json\/wp\/v2\/users\/1"}],"replies":[{"embeddable":true,"href":"https:\/\/zygon.digital\/zlab\/wp-json\/wp\/v2\/comments?post=198"}],"version-history":[{"count":91,"href":"https:\/\/zygon.digital\/zlab\/wp-json\/wp\/v2\/pages\/198\/revisions"}],"predecessor-version":[{"id":1236,"href":"https:\/\/zygon.digital\/zlab\/wp-json\/wp\/v2\/pages\/198\/revisions\/1236"}],"wp:attachment":[{"href":"https:\/\/zygon.digital\/zlab\/wp-json\/wp\/v2\/media?parent=198"}],"curies":[{"name":"wp","href":"https:\/\/api.w.org\/{rel}","templated":true}]}}