{"id":2,"date":"2018-04-24T18:43:55","date_gmt":"2018-04-24T21:43:55","guid":{"rendered":"https:\/\/zygon.digital\/zlab\/?page_id=2"},"modified":"2020-02-07T15:47:08","modified_gmt":"2020-02-07T18:47:08","slug":"pagina-de-exemplo","status":"publish","type":"page","link":"https:\/\/zygon.digital\/zlab\/","title":{"rendered":"Home"},"content":{"rendered":"<p>[et_pb_section bb_built=&#8221;1&#8243; admin_label=&#8221;section&#8221; fullwidth=&#8221;on&#8221; _builder_version=&#8221;3.0.51&#8243;][et_pb_fullwidth_slider admin_label=&#8221;Fullwidth Slider&#8221; remove_inner_shadow=&#8221;on&#8221; _builder_version=&#8221;3.0.51&#8243; custom_button=&#8221;on&#8221; button_border_color=&#8221;#24d88a&#8221; show_arrows=&#8221;on&#8221; show_pagination=&#8221;on&#8221; parallax=&#8221;off&#8221; parallax_method=&#8221;off&#8221; button_letter_spacing=&#8221;0&#8243; button_icon_placement=&#8221;right&#8221; button_letter_spacing_hover=&#8221;0&#8243; auto=&#8221;off&#8221; auto_ignore_hover=&#8221;off&#8221; hide_content_on_mobile=&#8221;off&#8221; hide_cta_on_mobile=&#8221;off&#8221; show_image_video_mobile=&#8221;off&#8221;]<\/p>\n<p>[et_pb_slide heading=&#8221;CONHE\u00c7A O ZLAB CREATIVE TRENDS&#8221; button_text=&#8221;SAIBA MAIS&#8221; button_link=&#8221;#sobre&#8221; background_image=&#8221;https:\/\/zygon.digital\/zlab\/wp-content\/uploads\/2018\/05\/banner-home-2.png&#8221; image=&#8221;https:\/\/zygon.digital\/zlab\/wp-content\/uploads\/2018\/04\/macbook.png&#8221; use_bg_overlay=&#8221;off&#8221; use_text_overlay=&#8221;off&#8221; _builder_version=&#8221;3.0.47&#8243; header_font=&#8221;||||&#8221; body_font=&#8221;||||&#8221; body_text_color=&#8221;#ffffff&#8221; custom_button=&#8221;on&#8221; button_text_size=&#8221;14px&#8221; button_text_color=&#8221;#ffffff&#8221; button_border_color=&#8221;#ffffff&#8221; button_font=&#8221;||||&#8221; button_use_icon=&#8221;default&#8221; button_icon_placement=&#8221;right&#8221; button_on_hover=&#8221;on&#8221; button_text_size_tablet=&#8221;14&#8243; button_text_size_phone=&#8221;14&#8243; background_color=&#8221;#ffffff&#8221; use_background_color_gradient=&#8221;off&#8221; background_color_gradient_start=&#8221;#2b87da&#8221; background_color_gradient_end=&#8221;#29c4a9&#8243; background_color_gradient_type=&#8221;linear&#8221; background_color_gradient_direction=&#8221;180deg&#8221; background_color_gradient_direction_radial=&#8221;center&#8221; background_color_gradient_start_position=&#8221;0%&#8221; background_color_gradient_end_position=&#8221;100%&#8221; parallax=&#8221;off&#8221; parallax_method=&#8221;off&#8221; background_position=&#8221;center&#8221; background_size=&#8221;cover&#8221; background_repeat=&#8221;no-repeat&#8221; background_blend=&#8221;normal&#8221; allow_player_pause=&#8221;off&#8221; text_border_radius=&#8221;3&#8243; alignment=&#8221;center&#8221; background_layout=&#8221;dark&#8221; header_font_select=&#8221;default&#8221; body_font_select=&#8221;default&#8221; button_font_select=&#8221;default&#8221;]<\/p>\n<p>&nbsp;<\/p>\n<p>E descubra as principais tend\u00eancias criativas e formatos interativos ( Rich Media) e criativos din\u00e2micos para gerar mais engajamento e performance em suas campanhas.<\/p>\n<p>&nbsp;<\/p>\n<p>[\/et_pb_slide]<\/p>\n<p>[\/et_pb_fullwidth_slider][et_pb_fullwidth_code admin_label=&#8221;Fullwidth BTN&#8221; _builder_version=&#8221;3.0.51&#8243;]&lt;style&gt;&lt;!&#8211; [et_pb_line_break_holder] &#8211;&gt;.et_pb_aux{&lt;!&#8211; [et_pb_line_break_holder] &#8211;&gt;margin:10px;&lt;!&#8211; [et_pb_line_break_holder] &#8211;&gt;}&lt;!&#8211; [et_pb_line_break_holder] &#8211;&gt;.et_pb_button {&lt;!&#8211; [et_pb_line_break_holder] &#8211;&gt;padding: 5px 13px;&lt;!&#8211; [et_pb_line_break_holder] &#8211;&gt;border: 1px solid;&lt;!&#8211; [et_pb_line_break_holder] &#8211;&gt;font-size: 16px;&lt;!&#8211; [et_pb_line_break_holder] &#8211;&gt;}&lt;!&#8211; [et_pb_line_break_holder] &#8211;&gt;&lt;\/style&gt;&lt;!&#8211; [et_pb_line_break_holder] &#8211;&gt;&lt;center&gt;&lt;div class=&#8221;&#8221;&gt; &lt;!&#8211; [et_pb_line_break_holder] &#8211;&gt;&lt;a href=&#8221;https:\/\/zygon.digital\/zlab\/showcase-display-desktop\/&#8221; class=&#8221;et_pb_aux et_pb_more_button et_pb_button&#8221;&gt;DISPLAY DESKTOP&lt;\/a&gt;&lt;!&#8211; [et_pb_line_break_holder] &#8211;&gt;&lt;a href=&#8221;https:\/\/zygon.digital\/zlab\/showcase-rich-media-desktop\/&#8221; class=&#8221;et_pb_aux et_pb_more_button et_pb_button&#8221;&gt;RICH MEDIA DESKTOP&lt;\/a&gt;&lt;!&#8211; [et_pb_line_break_holder] &#8211;&gt;&lt;a href=&#8221;https:\/\/zygon.digital\/zlab\/showcase-display-mobile\/&#8221; class=&#8221;et_pb_aux et_pb_more_button et_pb_button&#8221;&gt;DISPLAY MOBILE&lt;\/a&gt;&lt;!&#8211; [et_pb_line_break_holder] &#8211;&gt;&lt;a href=&#8221;https:\/\/zygon.digital\/zlab\/showcase-rich-media\/&#8221; class=&#8221;et_pb_aux et_pb_more_button et_pb_button&#8221;&gt;RICH MEDIA MOBILE&lt;\/a&gt;&lt;!&#8211; [et_pb_line_break_holder] &#8211;&gt;&lt;a href=&#8221;https:\/\/zygon.digital\/zlab\/showcase-display-dinamico\/&#8221; class=&#8221;et_pb_aux et_pb_more_button et_pb_button&#8221;&gt;CRIATIVOS DIN\u00c2MICOS&lt;\/a&gt;&lt;!&#8211; [et_pb_line_break_holder] &#8211;&gt;&lt;\/div&gt;&lt;\/center&gt;[\/et_pb_fullwidth_code][\/et_pb_section][et_pb_section bb_built=&#8221;1&#8243; admin_label=&#8221;section&#8221; _builder_version=&#8221;3.0.51&#8243; use_background_color_gradient=&#8221;on&#8221; background_color_gradient_start=&#8221;#eaeaea&#8221; background_color_gradient_end=&#8221;#ededed&#8221;][et_pb_row admin_label=&#8221;Linha&#8221; _builder_version=&#8221;3.0.47&#8243; background_size=&#8221;initial&#8221; background_position=&#8221;top_left&#8221; background_repeat=&#8221;repeat&#8221;][et_pb_column type=&#8221;4_4&#8243;][et_pb_text admin_label=&#8221;Text&#8221; text_orientation=&#8221;center&#8221; _builder_version=&#8221;3.0.51&#8243; text_text_color=&#8221;#83d640&#8243; background_size=&#8221;initial&#8221; background_position=&#8221;top_left&#8221; background_repeat=&#8221;repeat&#8221;]<\/p>\n<h1 style=\"text-transform: uppercase; color: #16bb85;\">conhe\u00e7a nossos clientes<\/h1>\n<p>[\/et_pb_text][\/et_pb_column][\/et_pb_row][et_pb_row admin_label=&#8221;Linha&#8221; _builder_version=&#8221;3.0.47&#8243; background_size=&#8221;initial&#8221; background_position=&#8221;top_left&#8221; background_repeat=&#8221;repeat&#8221;][et_pb_column type=&#8221;1_4&#8243;][et_pb_image admin_label=&#8221;Imagem&#8221; src=&#8221;https:\/\/zygon.digital\/zlab\/wp-content\/uploads\/2018\/04\/logo-sebrae.png&#8221; _builder_version=&#8221;3.0.51&#8243; \/][et_pb_image admin_label=&#8221;Imagem&#8221; src=&#8221;https:\/\/zygon.digital\/zlab\/wp-content\/uploads\/2018\/04\/logo-bellavita.png&#8221; _builder_version=&#8221;3.0.51&#8243; \/][\/et_pb_column][et_pb_column type=&#8221;1_4&#8243;][et_pb_image admin_label=&#8221;Imagem&#8221; src=&#8221;https:\/\/zygon.digital\/zlab\/wp-content\/uploads\/2018\/04\/logo-salvador-shopping.png&#8221; _builder_version=&#8221;3.0.51&#8243; \/][et_pb_image admin_label=&#8221;Imagem&#8221; src=&#8221;https:\/\/zygon.digital\/zlab\/wp-content\/uploads\/2018\/04\/logo-boticario.png&#8221; _builder_version=&#8221;3.0.51&#8243; \/][\/et_pb_column][et_pb_column type=&#8221;1_4&#8243;][et_pb_image admin_label=&#8221;Imagem&#8221; src=&#8221;https:\/\/zygon.digital\/zlab\/wp-content\/uploads\/2018\/04\/logo-senai.png&#8221; _builder_version=&#8221;3.0.51&#8243; \/][et_pb_image admin_label=&#8221;Imagem&#8221; src=&#8221;https:\/\/zygon.digital\/zlab\/wp-content\/uploads\/2018\/04\/logo-tve.png&#8221; _builder_version=&#8221;3.0.51&#8243; \/][\/et_pb_column][et_pb_column type=&#8221;1_4&#8243;][et_pb_image admin_label=&#8221;Imagem&#8221; src=&#8221;https:\/\/zygon.digital\/zlab\/wp-content\/uploads\/2018\/04\/governo-da-bahia.png&#8221; _builder_version=&#8221;3.0.51&#8243; \/][et_pb_image admin_label=&#8221;Imagem&#8221; src=&#8221;https:\/\/zygon.digital\/zlab\/wp-content\/uploads\/2018\/04\/logo-banese.png&#8221; _builder_version=&#8221;3.0.51&#8243; \/][\/et_pb_column][\/et_pb_row][\/et_pb_section][et_pb_section bb_built=&#8221;1&#8243; admin_label=&#8221;section&#8221; background_color=&#8221;#f3f3f3&#8243; inner_shadow=&#8221;on&#8221; module_id=&#8221;sobre&#8221; _builder_version=&#8221;3.0.51&#8243; use_background_color_gradient=&#8221;on&#8221; background_color_gradient_start=&#8221;#fcfcfc&#8221; background_color_gradient_end=&#8221;#ffffff&#8221;][et_pb_row admin_label=&#8221;Linha&#8221; _builder_version=&#8221;3.0.51&#8243; background_size=&#8221;initial&#8221; background_position=&#8221;top_left&#8221; background_repeat=&#8221;repeat&#8221;][et_pb_column type=&#8221;1_2&#8243;][et_pb_text admin_label=&#8221;Texto&#8221; _builder_version=&#8221;3.0.51&#8243; custom_margin=&#8221;50px|||&#8221;]<\/p>\n<h1 style=\"text-transform: uppercase; color: #17bc86; font-size: 44px;\">impacte seus<\/h1>\n<h1 style=\"text-transform: uppercase; color: #17bc86; font-size: 44px;\">clientes de forma segmentada<\/h1>\n<p>&nbsp;<\/p>\n<p class=\"\"><span style=\"font-size: 14px;\">O ZLab oferece criativos para diversos objetivos de campanhas, segmenta\u00e7\u00f5es e formatos. Somos especializados na produ\u00e7\u00e3o de <strong>Rich Media<\/strong> e pe\u00e7as com alto <strong>impacto e engajamento<\/strong>.<\/span><\/p>\n<p class=\"\"><span style=\"font-size: 14px;\">Ainda damos estudos, suporte estrat\u00e9gico e de criatividade para anunciantes, ag\u00eancias e publishers, na concep\u00e7\u00e3o de campanhas de <\/span><strong style=\"font-size: 14px;\">M\u00eddia Program\u00e1tica<\/strong><span style=\"font-size: 14px;\">, para entregar a <strong>mensagem ideal, no momento e dispositivo correto<\/strong>.\u00a0<\/span><span style=\"font-size: 14px;\">Conhe\u00e7a agora nosso showcase!<\/span><\/p>\n<p>[\/et_pb_text][et_pb_button admin_label=&#8221;Bot\u00e3o&#8221; button_url=&#8221;https:\/\/zygon.digital\/zlab\/showcase-rich-media\/&#8221; button_text=&#8221;VEJA NOSSO SHOWCASE&#8221; button_alignment=&#8221;left&#8221; _builder_version=&#8221;3.0.51&#8243; custom_button=&#8221;on&#8221; button_text_size=&#8221;14&#8243; button_text_color=&#8221;#757575&#8243; button_border_color=&#8221;#21c68a&#8221; background_color=&#8221;#27dd70&#8243; \/][\/et_pb_column][et_pb_column type=&#8221;1_2&#8243;][et_pb_image admin_label=&#8221;Imagem&#8221; src=&#8221;https:\/\/zygon.digital\/zlab\/wp-content\/uploads\/2018\/04\/telas.png&#8221; force_fullwidth=&#8221;on&#8221; _builder_version=&#8221;3.0.51&#8243; custom_css_main_element=&#8221; max-width: 700px;||&#8221; \/][\/et_pb_column][\/et_pb_row][\/et_pb_section][et_pb_section bb_built=&#8221;1&#8243; admin_label=&#8221;section&#8221; _builder_version=&#8221;3.0.51&#8243; background_image=&#8221;https:\/\/zygon.digital\/zlab\/wp-content\/uploads\/2018\/04\/bg-blue.png&#8221;][et_pb_row admin_label=&#8221;row&#8221; _builder_version=&#8221;3.0.47&#8243; background_size=&#8221;initial&#8221; background_position=&#8221;top_left&#8221; background_repeat=&#8221;repeat&#8221;][et_pb_column type=&#8221;4_4&#8243;][et_pb_text admin_label=&#8221;Text&#8221; background_layout=&#8221;dark&#8221; text_orientation=&#8221;center&#8221; _builder_version=&#8221;3.0.51&#8243; background_size=&#8221;initial&#8221; background_position=&#8221;top_left&#8221; background_repeat=&#8221;repeat&#8221;]<\/p>\n<h1 style=\"text-transform: uppercase;\">conhe\u00e7a nossas solu\u00e7\u00f5es<\/h1>\n<p>[\/et_pb_text][\/et_pb_column][\/et_pb_row][et_pb_row admin_label=&#8221;row&#8221; _builder_version=&#8221;3.0.47&#8243; background_size=&#8221;initial&#8221; background_position=&#8221;top_left&#8221; background_repeat=&#8221;repeat&#8221;][et_pb_column type=&#8221;1_3&#8243;][et_pb_text admin_label=&#8221;Texto&#8221; background_layout=&#8221;dark&#8221; text_orientation=&#8221;center&#8221; _builder_version=&#8221;3.0.51&#8243; text_line_height=&#8221;1em&#8221;]<\/p>\n<h3 style=\"text-transform: uppercase;\"><img loading=\"lazy\" class=\"alignnone size-full wp-image-160\" style=\"color: #666666; font-size: 14px;\" src=\"https:\/\/zygon.digital\/zlab\/wp-content\/uploads\/2018\/04\/anunciantes.png\" alt=\"\" width=\"149\" height=\"136\" \/><\/h3>\n<h3 style=\"text-transform: uppercase;\">anunciantes<\/h3>\n<p>Produzimos criativos personalizados para que que os anunciantes possam impactar os seus clientes de forma segmentada, maximizando a exposi\u00e7\u00e3o da sua marca.<\/p>\n<p>[\/et_pb_text][\/et_pb_column][et_pb_column type=&#8221;1_3&#8243;][et_pb_text admin_label=&#8221;Texto&#8221; background_layout=&#8221;dark&#8221; text_orientation=&#8221;center&#8221; _builder_version=&#8221;3.0.51&#8243; text_line_height=&#8221;1em&#8221;]<\/p>\n<p><img loading=\"lazy\" class=\"alignnone size-full wp-image-155\" src=\"https:\/\/zygon.digital\/zlab\/wp-content\/uploads\/2018\/04\/agencia.png\" alt=\"\" width=\"149\" height=\"136\" \/><\/p>\n<h3 style=\"text-transform: uppercase;\">ag\u00eancias<\/h3>\n<p>Oferecemos suporte a equipe de cria\u00e7\u00e3o \u00e0s <span style=\"font-size: 14px;\">nossas ag\u00eancias parceiras, auxiliando na<\/span> concep\u00e7\u00e3o de campanhas e criativos guiados por dados de M\u00eddia Program\u00e1tica.<\/p>\n<p>[\/et_pb_text][\/et_pb_column][et_pb_column type=&#8221;1_3&#8243;][et_pb_text admin_label=&#8221;Texto&#8221; background_layout=&#8221;dark&#8221; text_orientation=&#8221;center&#8221; _builder_version=&#8221;3.0.51&#8243; text_line_height=&#8221;1em&#8221;]<\/p>\n<p><img loading=\"lazy\" class=\"alignnone size-full wp-image-161\" src=\"https:\/\/zygon.digital\/zlab\/wp-content\/uploads\/2018\/04\/publisher.png\" alt=\"\" width=\"149\" height=\"136\" \/><\/p>\n<h3 style=\"text-transform: uppercase;\">publishers<\/h3>\n<p>Damos suporte a nossos Publishers parceiros, oferecendo criativos inovadores e Adserver pr\u00f3prio, para aumentar a rentabilidade e retorno de seus invent\u00e1rios.\u00a0<span style=\"font-size: 14px;\">\u00a0<\/span><\/p>\n<p>[\/et_pb_text][\/et_pb_column][\/et_pb_row][et_pb_row admin_label=&#8221;Linha&#8221; _builder_version=&#8221;3.0.47&#8243; background_size=&#8221;initial&#8221; background_position=&#8221;top_left&#8221; background_repeat=&#8221;repeat&#8221;][et_pb_column type=&#8221;4_4&#8243;][et_pb_button admin_label=&#8221;Bot\u00e3o&#8221; button_url=&#8221;https:\/\/zygon.digital\/zlab\/solucoes\/&#8221; button_text=&#8221;VEJA NOSSAS SOLU\u00c7\u00d5ES&#8221; button_alignment=&#8221;center&#8221; background_layout=&#8221;dark&#8221; _builder_version=&#8221;3.0.51&#8243; custom_button=&#8221;on&#8221; button_text_size=&#8221;14&#8243; background_color=&#8221;#27dd70&#8243; \/][\/et_pb_column][\/et_pb_row][\/et_pb_section][et_pb_section bb_built=&#8221;1&#8243; admin_label=&#8221;section&#8221; inner_shadow=&#8221;on&#8221; _builder_version=&#8221;3.0.51&#8243; background_image=&#8221;https:\/\/zygon.digital\/zlab\/wp-content\/uploads\/2018\/04\/bg-verde-ecuro.png&#8221;][et_pb_row admin_label=&#8221;row&#8221; _builder_version=&#8221;3.0.47&#8243; background_size=&#8221;initial&#8221; background_position=&#8221;top_left&#8221; background_repeat=&#8221;repeat&#8221;][et_pb_column type=&#8221;4_4&#8243;][et_pb_text admin_label=&#8221;Texto&#8221; text_orientation=&#8221;center&#8221; _builder_version=&#8221;3.0.51&#8243; text_line_height=&#8221;1.5em&#8221;]<\/p>\n<h1 style=\"text-transform: uppercase; color: #17bc86;\">utilize criativos de alto impacto na sua pr\u00f3xima campanha!<\/h1>\n<p style=\"color: #fff;\">Fale conosco e descubra como impactar seus clientes de forma segmentada e personalizada, usando solu\u00e7\u00f5es criativas e guiadas por dados de audi\u00eancia.<\/p>\n<p>[\/et_pb_text][et_pb_button admin_label=&#8221;Bot\u00e3o&#8221; button_url=&#8221;https:\/\/zygon.digital\/zlab\/entre-em-contato\/&#8221; button_text=&#8221;ENTRE EM CONTATO&#8221; button_alignment=&#8221;center&#8221; background_layout=&#8221;dark&#8221; _builder_version=&#8221;3.0.51&#8243; custom_button=&#8221;on&#8221; button_text_size=&#8221;14&#8243; background_color=&#8221;#27dd70&#8243; \/][\/et_pb_column][\/et_pb_row][\/et_pb_section]<\/p>\n","protected":false},"excerpt":{"rendered":"<p>[et_pb_section bb_built=&#8221;1&#8243; admin_label=&#8221;section&#8221; fullwidth=&#8221;on&#8221; _builder_version=&#8221;3.0.51&#8243;][et_pb_fullwidth_slider admin_label=&#8221;Fullwidth Slider&#8221; remove_inner_shadow=&#8221;on&#8221; _builder_version=&#8221;3.0.51&#8243; custom_button=&#8221;on&#8221; button_border_color=&#8221;#24d88a&#8221; show_arrows=&#8221;on&#8221; show_pagination=&#8221;on&#8221; parallax=&#8221;off&#8221; parallax_method=&#8221;off&#8221; button_letter_spacing=&#8221;0&#8243; button_icon_placement=&#8221;right&#8221; button_letter_spacing_hover=&#8221;0&#8243; auto=&#8221;off&#8221; auto_ignore_hover=&#8221;off&#8221; hide_content_on_mobile=&#8221;off&#8221; hide_cta_on_mobile=&#8221;off&#8221; show_image_video_mobile=&#8221;off&#8221;] [et_pb_slide heading=&#8221;CONHE\u00c7A O ZLAB CREATIVE TRENDS&#8221; button_text=&#8221;SAIBA MAIS&#8221; button_link=&#8221;#sobre&#8221; background_image=&#8221;https:\/\/zygon.digital\/zlab\/wp-content\/uploads\/2018\/05\/banner-home-2.png&#8221; image=&#8221;https:\/\/zygon.digital\/zlab\/wp-content\/uploads\/2018\/04\/macbook.png&#8221; use_bg_overlay=&#8221;off&#8221; use_text_overlay=&#8221;off&#8221; _builder_version=&#8221;3.0.47&#8243; header_font=&#8221;||||&#8221; body_font=&#8221;||||&#8221; body_text_color=&#8221;#ffffff&#8221; custom_button=&#8221;on&#8221; button_text_size=&#8221;14px&#8221; button_text_color=&#8221;#ffffff&#8221; button_border_color=&#8221;#ffffff&#8221; button_font=&#8221;||||&#8221; button_use_icon=&#8221;default&#8221; button_icon_placement=&#8221;right&#8221; button_on_hover=&#8221;on&#8221; button_text_size_tablet=&#8221;14&#8243; button_text_size_phone=&#8221;14&#8243; background_color=&#8221;#ffffff&#8221; use_background_color_gradient=&#8221;off&#8221; background_color_gradient_start=&#8221;#2b87da&#8221; background_color_gradient_end=&#8221;#29c4a9&#8243; background_color_gradient_type=&#8221;linear&#8221; [&hellip;]<\/p>\n","protected":false},"author":1,"featured_media":0,"parent":0,"menu_order":0,"comment_status":"closed","ping_status":"open","template":"","meta":{"_links_to":"","_links_to_target":""},"_links":{"self":[{"href":"https:\/\/zygon.digital\/zlab\/wp-json\/wp\/v2\/pages\/2"}],"collection":[{"href":"https:\/\/zygon.digital\/zlab\/wp-json\/wp\/v2\/pages"}],"about":[{"href":"https:\/\/zygon.digital\/zlab\/wp-json\/wp\/v2\/types\/page"}],"author":[{"embeddable":true,"href":"https:\/\/zygon.digital\/zlab\/wp-json\/wp\/v2\/users\/1"}],"replies":[{"embeddable":true,"href":"https:\/\/zygon.digital\/zlab\/wp-json\/wp\/v2\/comments?post=2"}],"version-history":[{"count":169,"href":"https:\/\/zygon.digital\/zlab\/wp-json\/wp\/v2\/pages\/2\/revisions"}],"predecessor-version":[{"id":1480,"href":"https:\/\/zygon.digital\/zlab\/wp-json\/wp\/v2\/pages\/2\/revisions\/1480"}],"wp:attachment":[{"href":"https:\/\/zygon.digital\/zlab\/wp-json\/wp\/v2\/media?parent=2"}],"curies":[{"name":"wp","href":"https:\/\/api.w.org\/{rel}","templated":true}]}}